{"id":50,"date":"2022-03-15T10:57:52","date_gmt":"2022-03-15T09:57:52","guid":{"rendered":"http:\/\/www.armureriecynoptir.com\/?page_id=50"},"modified":"2024-03-06T09:38:58","modified_gmt":"2024-03-06T08:38:58","slug":"https-armureriecynoptir-com","status":"publish","type":"page","link":"https:\/\/www.armureriecynoptir.com\/","title":{"rendered":"Armurerie CYN&rsquo;OPTIR"},"content":{"rendered":"\n<p>NOUVEAU TELEPHONE FIXE: 09 79 37 69 84<\/p>\n\n\n\n<figure class=\"wp-block-image alignfull size-large is-style-twentytwentyone-border\"><img loading=\"lazy\" decoding=\"async\" width=\"1025\" height=\"576\" src=\"https:\/\/www.armureriecynoptir.com\/wp-content\/uploads\/2022\/07\/thumbnail-4-1025x576.jpg\" alt=\"\" class=\"wp-image-1593\" srcset=\"https:\/\/www.armureriecynoptir.com\/wp-content\/uploads\/2022\/07\/thumbnail-4-1025x576.jpg 1025w, https:\/\/www.armureriecynoptir.com\/wp-content\/uploads\/2022\/07\/thumbnail-4-310x174.jpg 310w, https:\/\/www.armureriecynoptir.com\/wp-content\/uploads\/2022\/07\/thumbnail-4-768x432.jpg 768w, https:\/\/www.armureriecynoptir.com\/wp-content\/uploads\/2022\/07\/thumbnail-4-1536x863.jpg 1536w, https:\/\/www.armureriecynoptir.com\/wp-content\/uploads\/2022\/07\/thumbnail-4-1568x881.jpg 1568w, https:\/\/www.armureriecynoptir.com\/wp-content\/uploads\/2022\/07\/thumbnail-4.jpg 1600w\" sizes=\"auto, (max-width: 1025px) 100vw, 1025px\" \/><\/figure>\n\n\n\n<p> <\/p>\n\n\n\n<p><strong>Adresse: 4, Rue Neuve 68210 Dannemarie<\/strong><\/p>\n\n\n\n<p><strong>T\u00e9l\u00e9phone: 06 24 82 59 95 ou 06 68 13 08 12<\/strong><\/p>\n\n\n\n<p>T\u00e9l\u00e9phone fixe: 09 79 37 69 84<\/p>\n\n\n\n<p><strong>Adresse mail: cynoptir@yahoo.com<\/strong><\/p>\n\n\n\n<figure class=\"wp-block-image size-large\"><img loading=\"lazy\" decoding=\"async\" width=\"1025\" height=\"576\" src=\"https:\/\/www.armureriecynoptir.com\/wp-content\/uploads\/2022\/07\/thumbnail-2-5-1025x576.jpg\" alt=\"\" class=\"wp-image-1596\" srcset=\"https:\/\/www.armureriecynoptir.com\/wp-content\/uploads\/2022\/07\/thumbnail-2-5-1025x576.jpg 1025w, https:\/\/www.armureriecynoptir.com\/wp-content\/uploads\/2022\/07\/thumbnail-2-5-310x174.jpg 310w, https:\/\/www.armureriecynoptir.com\/wp-content\/uploads\/2022\/07\/thumbnail-2-5-768x432.jpg 768w, https:\/\/www.armureriecynoptir.com\/wp-content\/uploads\/2022\/07\/thumbnail-2-5-1536x863.jpg 1536w, https:\/\/www.armureriecynoptir.com\/wp-content\/uploads\/2022\/07\/thumbnail-2-5-1568x881.jpg 1568w, https:\/\/www.armureriecynoptir.com\/wp-content\/uploads\/2022\/07\/thumbnail-2-5.jpg 1600w\" sizes=\"auto, (max-width: 1025px) 100vw, 1025px\" \/><\/figure>\n","protected":false},"excerpt":{"rendered":"<p>NOUVEAU TELEPHONE FIXE: 09 79 37 69 84 Adresse: 4, Rue Neuve 68210 Dannemarie T\u00e9l\u00e9phone: 06 24 82 59 95 ou 06 68 13 08 12 T\u00e9l\u00e9phone fixe: 09 79 37 69 84 Adresse mail: cynoptir@yahoo.com<\/p>\n","protected":false},"author":1,"featured_media":0,"parent":0,"menu_order":0,"comment_status":"open","ping_status":"closed","template":"","meta":{"footnotes":""},"class_list":["post-50","page","type-page","status-publish","hentry","entry"],"_links":{"self":[{"href":"https:\/\/www.armureriecynoptir.com\/index.php?rest_route=\/wp\/v2\/pages\/50","targetHints":{"allow":["GET"]}}],"collection":[{"href":"https:\/\/www.armureriecynoptir.com\/index.php?rest_route=\/wp\/v2\/pages"}],"about":[{"href":"https:\/\/www.armureriecynoptir.com\/index.php?rest_route=\/wp\/v2\/types\/page"}],"author":[{"embeddable":true,"href":"https:\/\/www.armureriecynoptir.com\/index.php?rest_route=\/wp\/v2\/users\/1"}],"replies":[{"embeddable":true,"href":"https:\/\/www.armureriecynoptir.com\/index.php?rest_route=%2Fwp%2Fv2%2Fcomments&post=50"}],"version-history":[{"count":23,"href":"https:\/\/www.armureriecynoptir.com\/index.php?rest_route=\/wp\/v2\/pages\/50\/revisions"}],"predecessor-version":[{"id":1904,"href":"https:\/\/www.armureriecynoptir.com\/index.php?rest_route=\/wp\/v2\/pages\/50\/revisions\/1904"}],"wp:attachment":[{"href":"https:\/\/www.armureriecynoptir.com\/index.php?rest_route=%2Fwp%2Fv2%2Fmedia&parent=50"}],"curies":[{"name":"wp","href":"https:\/\/api.w.org\/{rel}","templated":true}]}}